{"id":100,"date":"2025-09-06T13:58:02","date_gmt":"2025-09-06T11:58:02","guid":{"rendered":"https:\/\/katakrestaurace.cz\/menu\/"},"modified":"2026-03-20T04:56:19","modified_gmt":"2026-03-20T03:56:19","slug":"menu","status":"publish","type":"page","link":"https:\/\/katakrestaurace.cz\/en\/menu\/","title":{"rendered":"MENU"},"content":{"rendered":"<div class=\"wpb-content-wrapper\"><p>[vc_row][vc_column][vc_custom_heading source=&#8221;post_title&#8221; font_container=&#8221;tag:h1|text_align:center|color:%23FFFFFF&#8221; use_theme_fonts=&#8221;yes&#8221; css=&#8221;&#8221;][\/vc_column][\/vc_row][vc_row el_id=&#8221;dnbox&#8221; el_class=&#8221;smbox&#8221;][vc_column][vc_raw_js el_id=&#8221;dnbox&#8221;]JTNDc2NyaXB0JTIwc3JjJTNEJTIyaHR0cHMlM0ElMkYlMkZ3d3cubWVudWJvdC5jeiUyRmFwcCUyRnVzZXJzJTJGa2F0YWtyZXN0YXVyYW50ODU0ODU5NTIyMzI1NDQ5OTglMkZleHBvcnQlMkZzdGFuZGFyZG1lbnUxX2EuanMlM0YlMjIlMjAlMkIlMjBEYXRlLm5vdyUyOCUyOSUzRSUzQyUyRnNjcmlwdCUzRQ==[\/vc_raw_js][\/vc_column][\/vc_row]<\/p>\n<\/div>","protected":false},"excerpt":{"rendered":"<p>[vc_row][vc_column][vc_custom_heading source=&#8221;post_title&#8221; font_container=&#8221;tag:h1|text_align:center|color:%23FFFFFF&#8221; use_theme_fonts=&#8221;yes&#8221; css=&#8221;&#8221;][\/vc_column][\/vc_row][vc_row el_id=&#8221;dnbox&#8221; el_class=&#8221;smbox&#8221;][vc_column][vc_raw_js el_id=&#8221;dnbox&#8221;]JTNDc2NyaXB0JTIwc3JjJTNEJTIyaHR0cHMlM0ElMkYlMkZ3d3cubWVudWJvdC5jeiUyRmFwcCUyRnVzZXJzJTJGa2F0YWtyZXN0YXVyYW50ODU0ODU5NTIyMzI1NDQ5OTglMkZleHBvcnQlMkZzdGFuZGFyZG1lbnUxX2EuanMlM0YlMjIlMjAlMkIlMjBEYXRlLm5vdyUyOCUyOSUzRSUzQyUyRnNjcmlwdCUzRQ==[\/vc_raw_js][\/vc_column][\/vc_row]<\/p>\n","protected":false},"author":1,"featured_media":0,"parent":0,"menu_order":0,"comment_status":"closed","ping_status":"closed","template":"","meta":{"footnotes":""},"class_list":["post-100","page","type-page","status-publish","hentry"],"yoast_head":"<!-- This site is optimized with the Yoast SEO plugin v27.5 - https:\/\/yoast.com\/product\/yoast-seo-wordpress\/ -->\n<title>Menu | KAT\u00c1K RESTAURACE Troubsko<\/title>\n<meta name=\"description\" content=\"Prohl\u00e9dn\u011bte si menu restaurace KAT\u00c1K RESTAURACE v Troubsku a rychle zjist\u011bte, co je v nab\u00eddce ... Najdete zde p\u0159ehledn\u011b kl\u00ed\u010dov\u00e9 sekce menu ... Vyberte si a napl\u00e1nujte si n\u00e1v\u0161t\u011bvu\" \/>\n<meta name=\"robots\" content=\"index, follow, max-snippet:-1, max-image-preview:large, max-video-preview:-1\" \/>\n<link rel=\"canonical\" href=\"https:\/\/katakrestaurace.cz\/en\/menu\/\" \/>\n<meta property=\"og:locale\" content=\"en_US\" \/>\n<meta property=\"og:type\" content=\"article\" \/>\n<meta property=\"og:title\" content=\"Menu | KAT\u00c1K RESTAURACE Troubsko\" \/>\n<meta property=\"og:description\" content=\"Prohl\u00e9dn\u011bte si menu restaurace KAT\u00c1K RESTAURACE v Troubsku a rychle zjist\u011bte, co je v nab\u00eddce ... Najdete zde p\u0159ehledn\u011b kl\u00ed\u010dov\u00e9 sekce menu ... Vyberte si a napl\u00e1nujte si n\u00e1v\u0161t\u011bvu\" \/>\n<meta property=\"og:url\" content=\"https:\/\/katakrestaurace.cz\/en\/menu\/\" \/>\n<meta property=\"og:site_name\" content=\"KA\u0164\u00c1K RESTAURACE\" \/>\n<meta property=\"article:modified_time\" content=\"2026-03-20T03:56:19+00:00\" \/>\n<meta name=\"twitter:card\" content=\"summary_large_image\" \/>\n<meta name=\"twitter:title\" content=\"Menu | KAT\u00c1K RESTAURACE Troubsko\" \/>\n<meta name=\"twitter:description\" content=\"Prohl\u00e9dn\u011bte si menu restaurace KAT\u00c1K RESTAURACE v Troubsku a rychle zjist\u011bte, co je v nab\u00eddce ... Najdete zde p\u0159ehledn\u011b kl\u00ed\u010dov\u00e9 sekce menu ... Vyberte si a napl\u00e1nujte si n\u00e1v\u0161t\u011bvu\" \/>\n<script type=\"application\/ld+json\" class=\"yoast-schema-graph\">{\"@context\":\"https:\\\/\\\/schema.org\",\"@graph\":[{\"@type\":\"WebPage\",\"@id\":\"https:\\\/\\\/katakrestaurace.cz\\\/en\\\/menu\\\/\",\"url\":\"https:\\\/\\\/katakrestaurace.cz\\\/en\\\/menu\\\/\",\"name\":\"Menu | KAT\u00c1K RESTAURACE Troubsko\",\"isPartOf\":{\"@id\":\"https:\\\/\\\/katakrestaurace.cz\\\/en\\\/#website\"},\"datePublished\":\"2025-09-06T11:58:02+00:00\",\"dateModified\":\"2026-03-20T03:56:19+00:00\",\"description\":\"Prohl\u00e9dn\u011bte si menu restaurace KAT\u00c1K RESTAURACE v Troubsku a rychle zjist\u011bte, co je v nab\u00eddce ... Najdete zde p\u0159ehledn\u011b kl\u00ed\u010dov\u00e9 sekce menu ... Vyberte si a napl\u00e1nujte si n\u00e1v\u0161t\u011bvu\",\"breadcrumb\":{\"@id\":\"https:\\\/\\\/katakrestaurace.cz\\\/en\\\/menu\\\/#breadcrumb\"},\"inLanguage\":\"en-US\",\"potentialAction\":[{\"@type\":\"ReadAction\",\"target\":[\"https:\\\/\\\/katakrestaurace.cz\\\/en\\\/menu\\\/\"]}]},{\"@type\":\"BreadcrumbList\",\"@id\":\"https:\\\/\\\/katakrestaurace.cz\\\/en\\\/menu\\\/#breadcrumb\",\"itemListElement\":[{\"@type\":\"ListItem\",\"position\":1,\"name\":\"Dom\u016f\",\"item\":\"https:\\\/\\\/katakrestaurace.cz\\\/en\\\/\"},{\"@type\":\"ListItem\",\"position\":2,\"name\":\"MENU\"}]},{\"@type\":\"WebSite\",\"@id\":\"https:\\\/\\\/katakrestaurace.cz\\\/en\\\/#website\",\"url\":\"https:\\\/\\\/katakrestaurace.cz\\\/en\\\/\",\"name\":\"KA\u0164\u00c1K RESTAURACE\",\"description\":\"\",\"potentialAction\":[{\"@type\":\"SearchAction\",\"target\":{\"@type\":\"EntryPoint\",\"urlTemplate\":\"https:\\\/\\\/katakrestaurace.cz\\\/en\\\/?s={search_term_string}\"},\"query-input\":{\"@type\":\"PropertyValueSpecification\",\"valueRequired\":true,\"valueName\":\"search_term_string\"}}],\"inLanguage\":\"en-US\"}]}<\/script>\n<!-- \/ Yoast SEO plugin. -->","yoast_head_json":{"title":"Menu | KAT\u00c1K RESTAURACE Troubsko","description":"Prohl\u00e9dn\u011bte si menu restaurace KAT\u00c1K RESTAURACE v Troubsku a rychle zjist\u011bte, co je v nab\u00eddce ... Najdete zde p\u0159ehledn\u011b kl\u00ed\u010dov\u00e9 sekce menu ... Vyberte si a napl\u00e1nujte si n\u00e1v\u0161t\u011bvu","robots":{"index":"index","follow":"follow","max-snippet":"max-snippet:-1","max-image-preview":"max-image-preview:large","max-video-preview":"max-video-preview:-1"},"canonical":"https:\/\/katakrestaurace.cz\/en\/menu\/","og_locale":"en_US","og_type":"article","og_title":"Menu | KAT\u00c1K RESTAURACE Troubsko","og_description":"Prohl\u00e9dn\u011bte si menu restaurace KAT\u00c1K RESTAURACE v Troubsku a rychle zjist\u011bte, co je v nab\u00eddce ... Najdete zde p\u0159ehledn\u011b kl\u00ed\u010dov\u00e9 sekce menu ... Vyberte si a napl\u00e1nujte si n\u00e1v\u0161t\u011bvu","og_url":"https:\/\/katakrestaurace.cz\/en\/menu\/","og_site_name":"KA\u0164\u00c1K RESTAURACE","article_modified_time":"2026-03-20T03:56:19+00:00","twitter_card":"summary_large_image","twitter_title":"Menu | KAT\u00c1K RESTAURACE Troubsko","twitter_description":"Prohl\u00e9dn\u011bte si menu restaurace KAT\u00c1K RESTAURACE v Troubsku a rychle zjist\u011bte, co je v nab\u00eddce ... Najdete zde p\u0159ehledn\u011b kl\u00ed\u010dov\u00e9 sekce menu ... Vyberte si a napl\u00e1nujte si n\u00e1v\u0161t\u011bvu","schema":{"@context":"https:\/\/schema.org","@graph":[{"@type":"WebPage","@id":"https:\/\/katakrestaurace.cz\/en\/menu\/","url":"https:\/\/katakrestaurace.cz\/en\/menu\/","name":"Menu | KAT\u00c1K RESTAURACE Troubsko","isPartOf":{"@id":"https:\/\/katakrestaurace.cz\/en\/#website"},"datePublished":"2025-09-06T11:58:02+00:00","dateModified":"2026-03-20T03:56:19+00:00","description":"Prohl\u00e9dn\u011bte si menu restaurace KAT\u00c1K RESTAURACE v Troubsku a rychle zjist\u011bte, co je v nab\u00eddce ... Najdete zde p\u0159ehledn\u011b kl\u00ed\u010dov\u00e9 sekce menu ... Vyberte si a napl\u00e1nujte si n\u00e1v\u0161t\u011bvu","breadcrumb":{"@id":"https:\/\/katakrestaurace.cz\/en\/menu\/#breadcrumb"},"inLanguage":"en-US","potentialAction":[{"@type":"ReadAction","target":["https:\/\/katakrestaurace.cz\/en\/menu\/"]}]},{"@type":"BreadcrumbList","@id":"https:\/\/katakrestaurace.cz\/en\/menu\/#breadcrumb","itemListElement":[{"@type":"ListItem","position":1,"name":"Dom\u016f","item":"https:\/\/katakrestaurace.cz\/en\/"},{"@type":"ListItem","position":2,"name":"MENU"}]},{"@type":"WebSite","@id":"https:\/\/katakrestaurace.cz\/en\/#website","url":"https:\/\/katakrestaurace.cz\/en\/","name":"KA\u0164\u00c1K RESTAURACE","description":"","potentialAction":[{"@type":"SearchAction","target":{"@type":"EntryPoint","urlTemplate":"https:\/\/katakrestaurace.cz\/en\/?s={search_term_string}"},"query-input":{"@type":"PropertyValueSpecification","valueRequired":true,"valueName":"search_term_string"}}],"inLanguage":"en-US"}]}},"_links":{"self":[{"href":"https:\/\/katakrestaurace.cz\/en\/wp-json\/wp\/v2\/pages\/100","targetHints":{"allow":["GET"]}}],"collection":[{"href":"https:\/\/katakrestaurace.cz\/en\/wp-json\/wp\/v2\/pages"}],"about":[{"href":"https:\/\/katakrestaurace.cz\/en\/wp-json\/wp\/v2\/types\/page"}],"author":[{"embeddable":true,"href":"https:\/\/katakrestaurace.cz\/en\/wp-json\/wp\/v2\/users\/1"}],"replies":[{"embeddable":true,"href":"https:\/\/katakrestaurace.cz\/en\/wp-json\/wp\/v2\/comments?post=100"}],"version-history":[{"count":1,"href":"https:\/\/katakrestaurace.cz\/en\/wp-json\/wp\/v2\/pages\/100\/revisions"}],"predecessor-version":[{"id":101,"href":"https:\/\/katakrestaurace.cz\/en\/wp-json\/wp\/v2\/pages\/100\/revisions\/101"}],"wp:attachment":[{"href":"https:\/\/katakrestaurace.cz\/en\/wp-json\/wp\/v2\/media?parent=100"}],"curies":[{"name":"wp","href":"https:\/\/api.w.org\/{rel}","templated":true}]}}