{"id":81,"date":"2025-09-06T01:17:56","date_gmt":"2025-09-05T23:17:56","guid":{"rendered":"https:\/\/katakrestaurace.cz\/katak-restaurant\/"},"modified":"2026-03-31T15:05:17","modified_gmt":"2026-03-31T13:05:17","slug":"katak-restaurant","status":"publish","type":"page","link":"https:\/\/katakrestaurace.cz\/en\/","title":{"rendered":"KA\u0164\u00c1K RESTAURANT"},"content":{"rendered":"<div class=\"wpb-content-wrapper\"><p>[vc_row full_width=&#8221;stretch_row_content_no_spaces&#8221; css=&#8221;.vc_custom_1704179911666{margin-right: 80px !important;margin-left: 80px !important;}&#8221; el_id=&#8221;slider&#8221;][vc_column]\n\t\t\t\t<p class=\"rs-p-wp-fix\"><\/p>\n\t\t\t\t<sr7-module data-alias=\"HP\" data-id=\"1\" id=\"SR7_1_1\" class=\"rs-ov-hidden\" data-version=\"6.7.37\">\n\t\t\t\t\t<sr7-adjuster><\/sr7-adjuster>\n\t\t\t\t\t<sr7-content>\n\t\t\t\t\t\t<sr7-slide id=\"SR7_1_1-1\" data-key=\"1\">\n\t\t\t\t\t\t\t<sr7-bg id=\"SR7_1_1-1-1\" class=\"sr7-layer\"><noscript><img decoding=\"async\" src=\"https:\/\/katakrestaurace.cz\/wp-content\/uploads\/2026\/03\/katak-restaurace.png\" alt=\"\" title=\"...\"><\/noscript><\/sr7-bg>\n\t\t\t\t\t\t<\/sr7-slide>\n\t\t\t\t\t\t<sr7-slide id=\"SR7_1_1-2\" data-key=\"2\">\n\t\t\t\t\t\t<\/sr7-slide>\n\t\t\t\t\t<\/sr7-content>\n\t\t\t\t\t<image_lists style=\"display:none\">\n\t\t\t\t\t\t<img data-src=\"\/\/katakrestaurace.cz\/wp-content\/uploads\/2026\/03\/katak-restaurace.png\" data-libid=\"70\" data-lib=\"medialibrary\" title=\"...\" width=\"0\" height=\"0\" data-dbsrc=\"Ly9rYXRha3Jlc3RhdXJhY2UuY3ovd3AtY29udGVudC91cGxvYWRzLzIwMjYvMDMva2F0YWstcmVzdGF1cmFjZS5wbmc=\"\/>\n\t\t\t\t\t\t<img data-src=\"\/\/katakrestaurace.cz\/wp-content\/uploads\/2025\/09\/katak-restaurace-3.jpg\" data-libid=\"31\" data-lib=\"medialibrary\" alt=\"KA\u0164\u00c1K RESTAURACE\" title=\"KA\u0164\u00c1K RESTAURACE\" width=\"0\" height=\"0\" data-dbsrc=\"Ly9rYXRha3Jlc3RhdXJhY2UuY3ovd3AtY29udGVudC91cGxvYWRzLzIwMjUvMDkva2F0YWstcmVzdGF1cmFjZS0zLmpwZw==\"\/>\n\t\t\t\t\t<\/image_lists>\n\t\t\t\t<\/sr7-module>\n\t\t\t\t<script>\n\t\t\t\t\tSR7.PMH ??={}; SR7.PMH[\"SR7_1_1\"] = {cn:100,state:false,fn: function() { if (_tpt!==undefined && _tpt.prepareModuleHeight !== undefined) {  _tpt.prepareModuleHeight({id:\"SR7_1_1\",el:[600,600,768,960,720],type:'hero',shdw:'0',gh:[600,600,495,376,232],gw:[1240,1240,1024,778,480],vpt:['-100px'],size:{fullWidth:true, fullHeight:false},mh:'0',onh:0,onw:0,bg:{color:'{\"orig\":\"transparent\",\"type\":\"solid\",\"string\":\"transparent\"}'}});   SR7.PMH[\"SR7_1_1\"].state=true;} else if(SR7.PMH[\"SR7_1_1\"].cn-->0)\tsetTimeout( SR7.PMH[\"SR7_1_1\"].fn,19);}};SR7.PMH[\"SR7_1_1\" ].fn();\n\t\t\t\t<\/script>\n[\/vc_column][\/vc_row][vc_row el_id=&#8221;dnbox&#8221;][vc_column][vc_raw_js]JTNDc2NyaXB0JTIwc3JjJTNEJTIyaHR0cHMlM0ElMkYlMkZ3d3cubWVudWJvdC5jeiUyRmFwcCUyRnVzZXJzJTJGa2F0YWtyZXN0YXVyYW50ODU0ODU5NTIyMzI1NDQ5OTglMkZleHBvcnQlMkZkYWlseW1lbnVfYS5qcyUzRiUyMiUyMCUyQiUyMERhdGUubm93JTI4JTI5JTNFJTNDJTJGc2NyaXB0JTNF[\/vc_raw_js][vc_raw_js]JTNDc2NyaXB0JTIwc3JjJTNEJTIyaHR0cHMlM0ElMkYlMkZ3d3cubWVudWJvdC5jeiUyRmFwcCUyRnVzZXJzJTJGa2F0YWtyZXN0YXVyYW50ODU0ODU5NTIyMzI1NDQ5OTglMkZleHBvcnQlMkZzcGVjaWFsb2ZmZXIwX2EuanMlM0YlMjIlMjAlMkIlMjBEYXRlLm5vdyUyOCUyOSUzRSUzQyUyRnNjcmlwdCUzRQ==[\/vc_raw_js][\/vc_column][\/vc_row][vc_row full_width=&#8221;stretch_row_content_no_spaces&#8221; css=&#8221;.vc_custom_1773587794461{margin-top: 80px !important;margin-right: 80px !important;margin-bottom: -40px !important;margin-left: 80px !important;}&#8221;][vc_column width=&#8221;1\/3&#8243;][\/vc_column][vc_column width=&#8221;1\/3&#8243; css=&#8221;.vc_custom_1728379903139{padding-right: 10px !important;padding-left: 10px !important;}&#8221;][vc_column_text css=&#8221;&#8221;]<\/p>\n<p><\/p>\n<h3 style=\"text-align: center;\">Zelen\u00fd \u010dtvrtek a\u00a0zelen\u00e9 pivo v Restauraci Ka\u0165\u00e1k<\/h3>\n<p><\/p>\n<p style=\"text-align: center;\">P\u0159ij\u010fte ochutnat tradi\u010dn\u00ed zelen\u00e9 pivo a\u00a0u\u017e\u00edt si p\u0159\u00edjemn\u00fd ve\u010der s\u00a0\u017eivou hudbou a\u00a0jarn\u00ed atmosf\u00e9rou. Zastavte se posed\u011bt s\u00a0p\u0159\u00e1teli a\u00a0oslavte Zelen\u00fd \u010dtvrtek tak, jak se pat\u0159\u00ed.<\/p>\n<p><\/p>\n<p>[\/vc_column_text][vc_single_image image=&#8221;74&#8243; img_size=&#8221;full&#8221; css=&#8221;&#8221;][\/vc_column][vc_column width=&#8221;1\/3&#8243; css=&#8221;.vc_custom_1728379913094{padding-right: 10px !important;padding-left: 10px !important;}&#8221;][\/vc_column][\/vc_row][vc_row el_id=&#8221;gallery&#8221;][vc_column][vc_masonry_media_grid gap=&#8221;15&#8243; item=&#8221;mediaGrid_Default&#8221; css=&#8221;&#8221; grid_id=&#8221;vc_gid:1773759093005-975b21b0-8991-10&#8243; include=&#8221;75,76,77,78,79,80&#8243;][\/vc_column][\/vc_row][vc_row el_class=&#8221;bohemovna-popis&#8221; css=&#8221;.vc_custom_1736066829510{padding-right: 30px !important;padding-left: 30px !important;}&#8221;][vc_column][vc_column_text css=&#8221;&#8221;]<\/p>\n<p><\/p>\n<h2 style=\"text-align: center;\">KA\u0164\u00c1K RESTAURACE<\/h2>\n<p><\/p>\n<p style=\"text-align: center;\"><strong>Cozy restaurant with Czech cuisine and modern facilities<\/strong><\/p>\n<p><\/p>\n<p style=\"text-align: center;\">We invite you to the pleasant atmosphere of our pub with a capacity of 60 seats and a large hall ideal for weddings, celebrations, corporate parties, concerts, or balls.<\/p>\n<p><\/p>\n<p style=\"text-align: center;\">Our kitchen is based on honest Czech tradition, and for larger events, we provide complete catering \u2013 from a diverse selection of dishes and drinks to cakes, pastries, and pies made to order.<\/p>\n<p><\/p>\n<p style=\"text-align: center;\">In summer, you can enjoy specialties on our spacious garden terrace, where we regularly host barbecues with live music and concerts.<\/p>\n<p><\/p>\n<p style=\"text-align: center;\">We also offer meal delivery, free Wi-Fi, and our own parking for a comfortable visit.<\/p>\n<p><\/p>\n<p>[\/vc_column_text][\/vc_column][\/vc_row]<\/p>\n<\/div>","protected":false},"excerpt":{"rendered":"<p>[vc_row full_width=&#8221;stretch_row_content_no_spaces&#8221; css=&#8221;.vc_custom_1704179911666{margin-right: 80px !important;margin-left: 80px !important;}&#8221; el_id=&#8221;slider&#8221;][vc_column][\/vc_column][\/vc_row][vc_row el_id=&#8221;dnbox&#8221;][vc_column][vc_raw_js]JTNDc2NyaXB0JTIwc3JjJTNEJTIyaHR0cHMlM0ElMkYlMkZ3d3cubWVudWJvdC5jeiUyRmFwcCUyRnVzZXJzJTJGa2F0YWtyZXN0YXVyYW50ODU0ODU5NTIyMzI1NDQ5OTglMkZleHBvcnQlMkZkYWlseW1lbnVfYS5qcyUzRiUyMiUyMCUyQiUyMERhdGUubm93JTI4JTI5JTNFJTNDJTJGc2NyaXB0JTNF[\/vc_raw_js][vc_raw_js]JTNDc2NyaXB0JTIwc3JjJTNEJTIyaHR0cHMlM0ElMkYlMkZ3d3cubWVudWJvdC5jeiUyRmFwcCUyRnVzZXJzJTJGa2F0YWtyZXN0YXVyYW50ODU0ODU5NTIyMzI1NDQ5OTglMkZleHBvcnQlMkZzcGVjaWFsb2ZmZXIwX2EuanMlM0YlMjIlMjAlMkIlMjBEYXRlLm5vdyUyOCUyOSUzRSUzQyUyRnNjcmlwdCUzRQ==[\/vc_raw_js][\/vc_column][\/vc_row][vc_row full_width=&#8221;stretch_row_content_no_spaces&#8221; css=&#8221;.vc_custom_1773587794461{margin-top: 80px !important;margin-right: 80px !important;margin-bottom: -40px !important;margin-left: 80px !important;}&#8221;][vc_column width=&#8221;1\/3&#8243;][\/vc_column][vc_column width=&#8221;1\/3&#8243; css=&#8221;.vc_custom_1728379903139{padding-right: 10px !important;padding-left: 10px !important;}&#8221;][vc_column_text css=&#8221;&#8221;] Zelen\u00fd \u010dtvrtek a\u00a0zelen\u00e9 pivo v Restauraci Ka\u0165\u00e1k P\u0159ij\u010fte ochutnat tradi\u010dn\u00ed zelen\u00e9 pivo a\u00a0u\u017e\u00edt si p\u0159\u00edjemn\u00fd ve\u010der s\u00a0\u017eivou hudbou a\u00a0jarn\u00ed atmosf\u00e9rou. Zastavte se posed\u011bt s\u00a0p\u0159\u00e1teli a\u00a0oslavte Zelen\u00fd \u010dtvrtek tak, <a href=\"https:\/\/katakrestaurace.cz\/en\/\" class=\"more-link\">&#8230;<span class=\"screen-reader-text\">  KA\u0164\u00c1K RESTAURANT<\/span><\/a><\/p>\n","protected":false},"author":1,"featured_media":0,"parent":0,"menu_order":0,"comment_status":"closed","ping_status":"open","template":"","meta":{"footnotes":""},"class_list":["post-81","page","type-page","status-publish","hentry"],"yoast_head":"<!-- This site is optimized with the Yoast SEO plugin v27.5 - https:\/\/yoast.com\/product\/yoast-seo-wordpress\/ -->\n<title>KA\u0164\u00c1K RESTAURACE Troubsko \u2013 Czech cuisine, hall &amp; garden terrace<\/title>\n<meta name=\"description\" content=\"Cozy Czech restaurant in Troubsko with 60-seat pub, garden terrace and free parking ... Large hall for weddings, parties, concerts and complete catering ... Reserve a table or order meal delivery\" \/>\n<meta name=\"robots\" content=\"index, follow, max-snippet:-1, max-image-preview:large, max-video-preview:-1\" \/>\n<link rel=\"canonical\" href=\"https:\/\/katakrestaurace.cz\/en\/\" \/>\n<meta property=\"og:locale\" content=\"en_US\" \/>\n<meta property=\"og:type\" content=\"article\" \/>\n<meta property=\"og:title\" content=\"KA\u0164\u00c1K RESTAURACE Troubsko \u2013 Czech cuisine, hall &amp; garden terrace\" \/>\n<meta property=\"og:description\" content=\"Cozy Czech restaurant in Troubsko with 60-seat pub, garden terrace and free parking ... Large hall for weddings, parties, concerts and complete catering ... Reserve a table or order meal delivery\" \/>\n<meta property=\"og:url\" content=\"https:\/\/katakrestaurace.cz\/en\/\" \/>\n<meta property=\"og:site_name\" content=\"KA\u0164\u00c1K RESTAURACE\" \/>\n<meta property=\"article:modified_time\" content=\"2026-03-31T13:05:17+00:00\" \/>\n<meta name=\"twitter:card\" content=\"summary_large_image\" \/>\n<meta name=\"twitter:title\" content=\"KA\u0164\u00c1K RESTAURACE Troubsko \u2013 Czech cuisine, hall &amp; garden terrace\" \/>\n<meta name=\"twitter:description\" content=\"Cozy Czech restaurant in Troubsko with 60-seat pub, garden terrace and free parking ... Large hall for weddings, parties, concerts and complete catering ... Reserve a table or order meal delivery\" \/>\n<meta name=\"twitter:label1\" content=\"Est. reading time\" \/>\n\t<meta name=\"twitter:data1\" content=\"2 minutes\" \/>\n<script type=\"application\/ld+json\" class=\"yoast-schema-graph\">{\"@context\":\"https:\\\/\\\/schema.org\",\"@graph\":[{\"@type\":\"WebPage\",\"@id\":\"https:\\\/\\\/katakrestaurace.cz\\\/en\\\/\",\"url\":\"https:\\\/\\\/katakrestaurace.cz\\\/en\\\/\",\"name\":\"KA\u0164\u00c1K RESTAURACE Troubsko \u2013 Czech cuisine, hall & garden terrace\",\"isPartOf\":{\"@id\":\"https:\\\/\\\/katakrestaurace.cz\\\/en\\\/#website\"},\"datePublished\":\"2025-09-05T23:17:56+00:00\",\"dateModified\":\"2026-03-31T13:05:17+00:00\",\"description\":\"Cozy Czech restaurant in Troubsko with 60-seat pub, garden terrace and free parking ... Large hall for weddings, parties, concerts and complete catering ... Reserve a table or order meal delivery\",\"breadcrumb\":{\"@id\":\"https:\\\/\\\/katakrestaurace.cz\\\/en\\\/#breadcrumb\"},\"inLanguage\":\"en-US\",\"potentialAction\":[{\"@type\":\"ReadAction\",\"target\":[\"https:\\\/\\\/katakrestaurace.cz\\\/en\\\/\"]}]},{\"@type\":\"BreadcrumbList\",\"@id\":\"https:\\\/\\\/katakrestaurace.cz\\\/en\\\/#breadcrumb\",\"itemListElement\":[{\"@type\":\"ListItem\",\"position\":1,\"name\":\"Dom\u016f\",\"item\":\"https:\\\/\\\/katakrestaurace.cz\\\/en\\\/\"},{\"@type\":\"ListItem\",\"position\":2,\"name\":\"KA\u0164\u00c1K RESTAURANT\"}]},{\"@type\":\"WebSite\",\"@id\":\"https:\\\/\\\/katakrestaurace.cz\\\/en\\\/#website\",\"url\":\"https:\\\/\\\/katakrestaurace.cz\\\/en\\\/\",\"name\":\"KA\u0164\u00c1K RESTAURACE\",\"description\":\"\",\"potentialAction\":[{\"@type\":\"SearchAction\",\"target\":{\"@type\":\"EntryPoint\",\"urlTemplate\":\"https:\\\/\\\/katakrestaurace.cz\\\/en\\\/?s={search_term_string}\"},\"query-input\":{\"@type\":\"PropertyValueSpecification\",\"valueRequired\":true,\"valueName\":\"search_term_string\"}}],\"inLanguage\":\"en-US\"}]}<\/script>\n<!-- \/ Yoast SEO plugin. -->","yoast_head_json":{"title":"KA\u0164\u00c1K RESTAURACE Troubsko \u2013 Czech cuisine, hall & garden terrace","description":"Cozy Czech restaurant in Troubsko with 60-seat pub, garden terrace and free parking ... Large hall for weddings, parties, concerts and complete catering ... Reserve a table or order meal delivery","robots":{"index":"index","follow":"follow","max-snippet":"max-snippet:-1","max-image-preview":"max-image-preview:large","max-video-preview":"max-video-preview:-1"},"canonical":"https:\/\/katakrestaurace.cz\/en\/","og_locale":"en_US","og_type":"article","og_title":"KA\u0164\u00c1K RESTAURACE Troubsko \u2013 Czech cuisine, hall & garden terrace","og_description":"Cozy Czech restaurant in Troubsko with 60-seat pub, garden terrace and free parking ... Large hall for weddings, parties, concerts and complete catering ... Reserve a table or order meal delivery","og_url":"https:\/\/katakrestaurace.cz\/en\/","og_site_name":"KA\u0164\u00c1K RESTAURACE","article_modified_time":"2026-03-31T13:05:17+00:00","twitter_card":"summary_large_image","twitter_title":"KA\u0164\u00c1K RESTAURACE Troubsko \u2013 Czech cuisine, hall & garden terrace","twitter_description":"Cozy Czech restaurant in Troubsko with 60-seat pub, garden terrace and free parking ... Large hall for weddings, parties, concerts and complete catering ... Reserve a table or order meal delivery","twitter_misc":{"Est. reading time":"2 minutes"},"schema":{"@context":"https:\/\/schema.org","@graph":[{"@type":"WebPage","@id":"https:\/\/katakrestaurace.cz\/en\/","url":"https:\/\/katakrestaurace.cz\/en\/","name":"KA\u0164\u00c1K RESTAURACE Troubsko \u2013 Czech cuisine, hall & garden terrace","isPartOf":{"@id":"https:\/\/katakrestaurace.cz\/en\/#website"},"datePublished":"2025-09-05T23:17:56+00:00","dateModified":"2026-03-31T13:05:17+00:00","description":"Cozy Czech restaurant in Troubsko with 60-seat pub, garden terrace and free parking ... Large hall for weddings, parties, concerts and complete catering ... Reserve a table or order meal delivery","breadcrumb":{"@id":"https:\/\/katakrestaurace.cz\/en\/#breadcrumb"},"inLanguage":"en-US","potentialAction":[{"@type":"ReadAction","target":["https:\/\/katakrestaurace.cz\/en\/"]}]},{"@type":"BreadcrumbList","@id":"https:\/\/katakrestaurace.cz\/en\/#breadcrumb","itemListElement":[{"@type":"ListItem","position":1,"name":"Dom\u016f","item":"https:\/\/katakrestaurace.cz\/en\/"},{"@type":"ListItem","position":2,"name":"KA\u0164\u00c1K RESTAURANT"}]},{"@type":"WebSite","@id":"https:\/\/katakrestaurace.cz\/en\/#website","url":"https:\/\/katakrestaurace.cz\/en\/","name":"KA\u0164\u00c1K RESTAURACE","description":"","potentialAction":[{"@type":"SearchAction","target":{"@type":"EntryPoint","urlTemplate":"https:\/\/katakrestaurace.cz\/en\/?s={search_term_string}"},"query-input":{"@type":"PropertyValueSpecification","valueRequired":true,"valueName":"search_term_string"}}],"inLanguage":"en-US"}]}},"_links":{"self":[{"href":"https:\/\/katakrestaurace.cz\/en\/wp-json\/wp\/v2\/pages\/81","targetHints":{"allow":["GET"]}}],"collection":[{"href":"https:\/\/katakrestaurace.cz\/en\/wp-json\/wp\/v2\/pages"}],"about":[{"href":"https:\/\/katakrestaurace.cz\/en\/wp-json\/wp\/v2\/types\/page"}],"author":[{"embeddable":true,"href":"https:\/\/katakrestaurace.cz\/en\/wp-json\/wp\/v2\/users\/1"}],"replies":[{"embeddable":true,"href":"https:\/\/katakrestaurace.cz\/en\/wp-json\/wp\/v2\/comments?post=81"}],"version-history":[{"count":7,"href":"https:\/\/katakrestaurace.cz\/en\/wp-json\/wp\/v2\/pages\/81\/revisions"}],"predecessor-version":[{"id":106,"href":"https:\/\/katakrestaurace.cz\/en\/wp-json\/wp\/v2\/pages\/81\/revisions\/106"}],"wp:attachment":[{"href":"https:\/\/katakrestaurace.cz\/en\/wp-json\/wp\/v2\/media?parent=81"}],"curies":[{"name":"wp","href":"https:\/\/api.w.org\/{rel}","templated":true}]}}