{"id":98,"date":"2025-09-06T13:59:20","date_gmt":"2025-09-06T11:59:20","guid":{"rendered":"https:\/\/katakrestaurace.cz\/drink-menu\/"},"modified":"2026-03-20T04:55:53","modified_gmt":"2026-03-20T03:55:53","slug":"drink-menu","status":"publish","type":"page","link":"https:\/\/katakrestaurace.cz\/en\/drink-menu\/","title":{"rendered":"DRINK MENU"},"content":{"rendered":"<div class=\"wpb-content-wrapper\"><p>[vc_row][vc_column][vc_custom_heading source=&#8221;post_title&#8221; font_container=&#8221;tag:h1|text_align:center|color:%23FFFFFF&#8221; use_theme_fonts=&#8221;yes&#8221; css=&#8221;&#8221;][\/vc_column][\/vc_row][vc_row el_id=&#8221;dnbox&#8221; el_class=&#8221;smbox&#8221;][vc_column][vc_raw_js el_id=&#8221;dnbox&#8221;]JTNDc2NyaXB0JTIwc3JjJTNEJTIyaHR0cHMlM0ElMkYlMkZ3d3cubWVudWJvdC5jeiUyRmFwcCUyRnVzZXJzJTJGa2F0YWtyZXN0YXVyYW50ODU0ODU5NTIyMzI1NDQ5OTglMkZleHBvcnQlMkZzdGFuZGFyZG1lbnUyX2EuanMlM0YlMjIlMjAlMkIlMjBEYXRlLm5vdyUyOCUyOSUzRSUzQyUyRnNjcmlwdCUzRQ==[\/vc_raw_js][\/vc_column][\/vc_row]<\/p>\n<\/div>","protected":false},"excerpt":{"rendered":"<p>[vc_row][vc_column][vc_custom_heading source=&#8221;post_title&#8221; font_container=&#8221;tag:h1|text_align:center|color:%23FFFFFF&#8221; use_theme_fonts=&#8221;yes&#8221; css=&#8221;&#8221;][\/vc_column][\/vc_row][vc_row el_id=&#8221;dnbox&#8221; el_class=&#8221;smbox&#8221;][vc_column][vc_raw_js el_id=&#8221;dnbox&#8221;]JTNDc2NyaXB0JTIwc3JjJTNEJTIyaHR0cHMlM0ElMkYlMkZ3d3cubWVudWJvdC5jeiUyRmFwcCUyRnVzZXJzJTJGa2F0YWtyZXN0YXVyYW50ODU0ODU5NTIyMzI1NDQ5OTglMkZleHBvcnQlMkZzdGFuZGFyZG1lbnUyX2EuanMlM0YlMjIlMjAlMkIlMjBEYXRlLm5vdyUyOCUyOSUzRSUzQyUyRnNjcmlwdCUzRQ==[\/vc_raw_js][\/vc_column][\/vc_row]<\/p>\n","protected":false},"author":1,"featured_media":0,"parent":0,"menu_order":0,"comment_status":"closed","ping_status":"closed","template":"","meta":{"footnotes":""},"class_list":["post-98","page","type-page","status-publish","hentry"],"yoast_head":"<!-- This site is optimized with the Yoast SEO plugin v27.5 - https:\/\/yoast.com\/product\/yoast-seo-wordpress\/ -->\n<title>Drink Menu | KAT\u00c1K RESTAURACE Troubsko \u2013 N\u00e1pojov\u00fd l\u00edstek<\/title>\n<meta name=\"description\" content=\"Prohl\u00e9dn\u011bte si drink menu KAT\u00c1K RESTAURACE v Troubsku a rychle se zorientujte v nab\u00eddce n\u00e1poj\u016f ... Najdete zde tak\u00e9 kontakty, adresu i otev\u00edrac\u00ed dobu ... Rezervujte si st\u016fl p\u0159ed n\u00e1v\u0161t\u011bvou\" \/>\n<meta name=\"robots\" content=\"index, follow, max-snippet:-1, max-image-preview:large, max-video-preview:-1\" \/>\n<link rel=\"canonical\" href=\"https:\/\/katakrestaurace.cz\/en\/drink-menu\/\" \/>\n<meta property=\"og:locale\" content=\"en_US\" \/>\n<meta property=\"og:type\" content=\"article\" \/>\n<meta property=\"og:title\" content=\"Drink Menu | KAT\u00c1K RESTAURACE Troubsko \u2013 N\u00e1pojov\u00fd l\u00edstek\" \/>\n<meta property=\"og:description\" content=\"Prohl\u00e9dn\u011bte si drink menu KAT\u00c1K RESTAURACE v Troubsku a rychle se zorientujte v nab\u00eddce n\u00e1poj\u016f ... Najdete zde tak\u00e9 kontakty, adresu i otev\u00edrac\u00ed dobu ... Rezervujte si st\u016fl p\u0159ed n\u00e1v\u0161t\u011bvou\" \/>\n<meta property=\"og:url\" content=\"https:\/\/katakrestaurace.cz\/en\/drink-menu\/\" \/>\n<meta property=\"og:site_name\" content=\"KA\u0164\u00c1K RESTAURACE\" \/>\n<meta property=\"article:modified_time\" content=\"2026-03-20T03:55:53+00:00\" \/>\n<meta name=\"twitter:card\" content=\"summary_large_image\" \/>\n<meta name=\"twitter:title\" content=\"Drink Menu | KAT\u00c1K RESTAURACE Troubsko \u2013 N\u00e1pojov\u00fd l\u00edstek\" \/>\n<meta name=\"twitter:description\" content=\"Prohl\u00e9dn\u011bte si drink menu KAT\u00c1K RESTAURACE v Troubsku a rychle se zorientujte v nab\u00eddce n\u00e1poj\u016f ... Najdete zde tak\u00e9 kontakty, adresu i otev\u00edrac\u00ed dobu ... Rezervujte si st\u016fl p\u0159ed n\u00e1v\u0161t\u011bvou\" \/>\n<script type=\"application\/ld+json\" class=\"yoast-schema-graph\">{\"@context\":\"https:\\\/\\\/schema.org\",\"@graph\":[{\"@type\":\"WebPage\",\"@id\":\"https:\\\/\\\/katakrestaurace.cz\\\/en\\\/drink-menu\\\/\",\"url\":\"https:\\\/\\\/katakrestaurace.cz\\\/en\\\/drink-menu\\\/\",\"name\":\"Drink Menu | KAT\u00c1K RESTAURACE Troubsko \u2013 N\u00e1pojov\u00fd l\u00edstek\",\"isPartOf\":{\"@id\":\"https:\\\/\\\/katakrestaurace.cz\\\/en\\\/#website\"},\"datePublished\":\"2025-09-06T11:59:20+00:00\",\"dateModified\":\"2026-03-20T03:55:53+00:00\",\"description\":\"Prohl\u00e9dn\u011bte si drink menu KAT\u00c1K RESTAURACE v Troubsku a rychle se zorientujte v nab\u00eddce n\u00e1poj\u016f ... Najdete zde tak\u00e9 kontakty, adresu i otev\u00edrac\u00ed dobu ... Rezervujte si st\u016fl p\u0159ed n\u00e1v\u0161t\u011bvou\",\"breadcrumb\":{\"@id\":\"https:\\\/\\\/katakrestaurace.cz\\\/en\\\/drink-menu\\\/#breadcrumb\"},\"inLanguage\":\"en-US\",\"potentialAction\":[{\"@type\":\"ReadAction\",\"target\":[\"https:\\\/\\\/katakrestaurace.cz\\\/en\\\/drink-menu\\\/\"]}]},{\"@type\":\"BreadcrumbList\",\"@id\":\"https:\\\/\\\/katakrestaurace.cz\\\/en\\\/drink-menu\\\/#breadcrumb\",\"itemListElement\":[{\"@type\":\"ListItem\",\"position\":1,\"name\":\"Dom\u016f\",\"item\":\"https:\\\/\\\/katakrestaurace.cz\\\/en\\\/\"},{\"@type\":\"ListItem\",\"position\":2,\"name\":\"DRINK MENU\"}]},{\"@type\":\"WebSite\",\"@id\":\"https:\\\/\\\/katakrestaurace.cz\\\/en\\\/#website\",\"url\":\"https:\\\/\\\/katakrestaurace.cz\\\/en\\\/\",\"name\":\"KA\u0164\u00c1K RESTAURACE\",\"description\":\"\",\"potentialAction\":[{\"@type\":\"SearchAction\",\"target\":{\"@type\":\"EntryPoint\",\"urlTemplate\":\"https:\\\/\\\/katakrestaurace.cz\\\/en\\\/?s={search_term_string}\"},\"query-input\":{\"@type\":\"PropertyValueSpecification\",\"valueRequired\":true,\"valueName\":\"search_term_string\"}}],\"inLanguage\":\"en-US\"}]}<\/script>\n<!-- \/ Yoast SEO plugin. -->","yoast_head_json":{"title":"Drink Menu | KAT\u00c1K RESTAURACE Troubsko \u2013 N\u00e1pojov\u00fd l\u00edstek","description":"Prohl\u00e9dn\u011bte si drink menu KAT\u00c1K RESTAURACE v Troubsku a rychle se zorientujte v nab\u00eddce n\u00e1poj\u016f ... Najdete zde tak\u00e9 kontakty, adresu i otev\u00edrac\u00ed dobu ... Rezervujte si st\u016fl p\u0159ed n\u00e1v\u0161t\u011bvou","robots":{"index":"index","follow":"follow","max-snippet":"max-snippet:-1","max-image-preview":"max-image-preview:large","max-video-preview":"max-video-preview:-1"},"canonical":"https:\/\/katakrestaurace.cz\/en\/drink-menu\/","og_locale":"en_US","og_type":"article","og_title":"Drink Menu | KAT\u00c1K RESTAURACE Troubsko \u2013 N\u00e1pojov\u00fd l\u00edstek","og_description":"Prohl\u00e9dn\u011bte si drink menu KAT\u00c1K RESTAURACE v Troubsku a rychle se zorientujte v nab\u00eddce n\u00e1poj\u016f ... Najdete zde tak\u00e9 kontakty, adresu i otev\u00edrac\u00ed dobu ... Rezervujte si st\u016fl p\u0159ed n\u00e1v\u0161t\u011bvou","og_url":"https:\/\/katakrestaurace.cz\/en\/drink-menu\/","og_site_name":"KA\u0164\u00c1K RESTAURACE","article_modified_time":"2026-03-20T03:55:53+00:00","twitter_card":"summary_large_image","twitter_title":"Drink Menu | KAT\u00c1K RESTAURACE Troubsko \u2013 N\u00e1pojov\u00fd l\u00edstek","twitter_description":"Prohl\u00e9dn\u011bte si drink menu KAT\u00c1K RESTAURACE v Troubsku a rychle se zorientujte v nab\u00eddce n\u00e1poj\u016f ... Najdete zde tak\u00e9 kontakty, adresu i otev\u00edrac\u00ed dobu ... Rezervujte si st\u016fl p\u0159ed n\u00e1v\u0161t\u011bvou","schema":{"@context":"https:\/\/schema.org","@graph":[{"@type":"WebPage","@id":"https:\/\/katakrestaurace.cz\/en\/drink-menu\/","url":"https:\/\/katakrestaurace.cz\/en\/drink-menu\/","name":"Drink Menu | KAT\u00c1K RESTAURACE Troubsko \u2013 N\u00e1pojov\u00fd l\u00edstek","isPartOf":{"@id":"https:\/\/katakrestaurace.cz\/en\/#website"},"datePublished":"2025-09-06T11:59:20+00:00","dateModified":"2026-03-20T03:55:53+00:00","description":"Prohl\u00e9dn\u011bte si drink menu KAT\u00c1K RESTAURACE v Troubsku a rychle se zorientujte v nab\u00eddce n\u00e1poj\u016f ... Najdete zde tak\u00e9 kontakty, adresu i otev\u00edrac\u00ed dobu ... Rezervujte si st\u016fl p\u0159ed n\u00e1v\u0161t\u011bvou","breadcrumb":{"@id":"https:\/\/katakrestaurace.cz\/en\/drink-menu\/#breadcrumb"},"inLanguage":"en-US","potentialAction":[{"@type":"ReadAction","target":["https:\/\/katakrestaurace.cz\/en\/drink-menu\/"]}]},{"@type":"BreadcrumbList","@id":"https:\/\/katakrestaurace.cz\/en\/drink-menu\/#breadcrumb","itemListElement":[{"@type":"ListItem","position":1,"name":"Dom\u016f","item":"https:\/\/katakrestaurace.cz\/en\/"},{"@type":"ListItem","position":2,"name":"DRINK MENU"}]},{"@type":"WebSite","@id":"https:\/\/katakrestaurace.cz\/en\/#website","url":"https:\/\/katakrestaurace.cz\/en\/","name":"KA\u0164\u00c1K RESTAURACE","description":"","potentialAction":[{"@type":"SearchAction","target":{"@type":"EntryPoint","urlTemplate":"https:\/\/katakrestaurace.cz\/en\/?s={search_term_string}"},"query-input":{"@type":"PropertyValueSpecification","valueRequired":true,"valueName":"search_term_string"}}],"inLanguage":"en-US"}]}},"_links":{"self":[{"href":"https:\/\/katakrestaurace.cz\/en\/wp-json\/wp\/v2\/pages\/98","targetHints":{"allow":["GET"]}}],"collection":[{"href":"https:\/\/katakrestaurace.cz\/en\/wp-json\/wp\/v2\/pages"}],"about":[{"href":"https:\/\/katakrestaurace.cz\/en\/wp-json\/wp\/v2\/types\/page"}],"author":[{"embeddable":true,"href":"https:\/\/katakrestaurace.cz\/en\/wp-json\/wp\/v2\/users\/1"}],"replies":[{"embeddable":true,"href":"https:\/\/katakrestaurace.cz\/en\/wp-json\/wp\/v2\/comments?post=98"}],"version-history":[{"count":1,"href":"https:\/\/katakrestaurace.cz\/en\/wp-json\/wp\/v2\/pages\/98\/revisions"}],"predecessor-version":[{"id":99,"href":"https:\/\/katakrestaurace.cz\/en\/wp-json\/wp\/v2\/pages\/98\/revisions\/99"}],"wp:attachment":[{"href":"https:\/\/katakrestaurace.cz\/en\/wp-json\/wp\/v2\/media?parent=98"}],"curies":[{"name":"wp","href":"https:\/\/api.w.org\/{rel}","templated":true}]}}